{"id":5586,"date":"2024-08-22T11:59:57","date_gmt":"2024-08-22T14:59:57","guid":{"rendered":"https:\/\/alimentosynegocios.com.ar\/es\/?page_id=5586"},"modified":"2024-08-24T11:08:48","modified_gmt":"2024-08-24T14:08:48","slug":"all-day-mix","status":"publish","type":"page","link":"https:\/\/alimentosynegocios.com.ar\/es\/all-day-mix\/","title":{"rendered":"All Day Mix"},"content":{"rendered":"\t\t<div data-elementor-type=\"wp-page\" data-elementor-id=\"5586\" class=\"elementor elementor-5586\">\n\t\t\t\t\t\t<section class=\"elementor-section elementor-top-section elementor-element elementor-element-d06c342 elementor-section-boxed elementor-section-height-default elementor-section-height-default\" data-id=\"d06c342\" data-element_type=\"section\" data-e-type=\"section\" data-settings=\"{&quot;background_background&quot;:&quot;classic&quot;}\">\n\t\t\t\t\t\t<div class=\"elementor-container elementor-column-gap-no\">\n\t\t\t\t\t<div class=\"elementor-column elementor-col-100 elementor-top-column elementor-element elementor-element-32565302\" data-id=\"32565302\" data-element_type=\"column\" data-e-type=\"column\">\n\t\t\t<div class=\"elementor-widget-wrap elementor-element-populated\">\n\t\t\t\t\t\t<div class=\"elementor-element elementor-element-6f948fbe elementor-widget elementor-widget-image\" data-id=\"6f948fbe\" data-element_type=\"widget\" data-e-type=\"widget\" data-widget_type=\"image.default\">\n\t\t\t\t<div class=\"elementor-widget-container\">\n\t\t\t\t\t\t\t\t\t\t\t\t\t\t\t<img decoding=\"async\" width=\"300\" height=\"155\" src=\"https:\/\/alimentosynegocios.com.ar\/es\/wp-content\/uploads\/2024\/03\/Logo-Aramel-original-300x155.png\" class=\"attachment-medium size-medium wp-image-4702\" alt=\"Logo Aramel original\" srcset=\"https:\/\/alimentosynegocios.com.ar\/es\/wp-content\/uploads\/2024\/03\/Logo-Aramel-original-300x155.png 300w, https:\/\/alimentosynegocios.com.ar\/es\/wp-content\/uploads\/2024\/03\/Logo-Aramel-original-1024x528.png 1024w, https:\/\/alimentosynegocios.com.ar\/es\/wp-content\/uploads\/2024\/03\/Logo-Aramel-original-768x396.png 768w, https:\/\/alimentosynegocios.com.ar\/es\/wp-content\/uploads\/2024\/03\/Logo-Aramel-original-600x309.png 600w, https:\/\/alimentosynegocios.com.ar\/es\/wp-content\/uploads\/2024\/03\/Logo-Aramel-original.png 1280w\" sizes=\"(max-width: 300px) 100vw, 300px\" \/>\t\t\t\t\t\t\t\t\t\t\t\t\t\t\t<\/div>\n\t\t\t\t<\/div>\n\t\t\t\t\t<\/div>\n\t\t<\/div>\n\t\t\t\t\t<\/div>\n\t\t<\/section>\n\t\t\t\t<section class=\"elementor-section elementor-top-section elementor-element elementor-element-276440ea elementor-section-boxed elementor-section-height-default elementor-section-height-default\" data-id=\"276440ea\" data-element_type=\"section\" data-e-type=\"section\">\n\t\t\t\t\t\t<div class=\"elementor-container elementor-column-gap-no\">\n\t\t\t\t\t<div class=\"elementor-column elementor-col-100 elementor-top-column elementor-element elementor-element-65f9f87e\" data-id=\"65f9f87e\" data-element_type=\"column\" data-e-type=\"column\">\n\t\t\t<div class=\"elementor-widget-wrap elementor-element-populated\">\n\t\t\t\t\t\t<section class=\"elementor-section elementor-inner-section elementor-element elementor-element-36815a73 elementor-section-full_width elementor-section-content-middle elementor-section-height-default elementor-section-height-default\" data-id=\"36815a73\" data-element_type=\"section\" data-e-type=\"section\">\n\t\t\t\t\t\t<div class=\"elementor-container elementor-column-gap-no\">\n\t\t\t\t\t<div class=\"elementor-column elementor-col-50 elementor-inner-column elementor-element elementor-element-6ca2af4f\" data-id=\"6ca2af4f\" data-element_type=\"column\" data-e-type=\"column\">\n\t\t\t<div class=\"elementor-widget-wrap elementor-element-populated\">\n\t\t\t\t\t\t<div class=\"elementor-element elementor-element-592225d5 e-transform elementor-arrows-position-inside elementor-widget elementor-widget-image-carousel\" data-id=\"592225d5\" data-element_type=\"widget\" data-e-type=\"widget\" data-settings=\"{&quot;slides_to_show&quot;:&quot;1&quot;,&quot;navigation&quot;:&quot;arrows&quot;,&quot;_transform_scale_effect_hover&quot;:{&quot;unit&quot;:&quot;px&quot;,&quot;size&quot;:1.2,&quot;sizes&quot;:[]},&quot;autoplay&quot;:&quot;yes&quot;,&quot;pause_on_hover&quot;:&quot;yes&quot;,&quot;pause_on_interaction&quot;:&quot;yes&quot;,&quot;autoplay_speed&quot;:5000,&quot;infinite&quot;:&quot;yes&quot;,&quot;effect&quot;:&quot;slide&quot;,&quot;speed&quot;:500,&quot;_transform_scale_effect_hover_tablet&quot;:{&quot;unit&quot;:&quot;px&quot;,&quot;size&quot;:&quot;&quot;,&quot;sizes&quot;:[]},&quot;_transform_scale_effect_hover_mobile&quot;:{&quot;unit&quot;:&quot;px&quot;,&quot;size&quot;:&quot;&quot;,&quot;sizes&quot;:[]}}\" data-widget_type=\"image-carousel.default\">\n\t\t\t\t<div class=\"elementor-widget-container\">\n\t\t\t\t\t\t\t<div class=\"elementor-image-carousel-wrapper swiper\" role=\"region\" aria-roledescription=\"carousel\" aria-label=\"Carrusel de im\u00e1genes\" dir=\"ltr\">\n\t\t\t<div class=\"elementor-image-carousel swiper-wrapper\" aria-live=\"off\">\n\t\t\t\t\t\t\t\t<div class=\"swiper-slide\" role=\"group\" aria-roledescription=\"slide\" aria-label=\"1 de 2\"><figure class=\"swiper-slide-inner\"><img decoding=\"async\" class=\"swiper-slide-image\" src=\"https:\/\/alimentosynegocios.com.ar\/es\/wp-content\/uploads\/2024\/03\/alldaymixdorso-683x1024.jpg\" alt=\"alldaymixdorso\" \/><\/figure><\/div><div class=\"swiper-slide\" role=\"group\" aria-roledescription=\"slide\" aria-label=\"2 de 2\"><figure class=\"swiper-slide-inner\"><img decoding=\"async\" class=\"swiper-slide-image\" src=\"https:\/\/alimentosynegocios.com.ar\/es\/wp-content\/uploads\/2024\/03\/alldaymix-683x1024.jpg\" alt=\"aramel all day mix\" \/><\/figure><\/div>\t\t\t<\/div>\n\t\t\t\t\t\t\t\t\t\t\t\t<div class=\"elementor-swiper-button elementor-swiper-button-prev\" role=\"button\" tabindex=\"0\">\n\t\t\t\t\t\t<svg aria-hidden=\"true\" class=\"e-font-icon-svg e-eicon-chevron-left\" viewBox=\"0 0 1000 1000\" xmlns=\"http:\/\/www.w3.org\/2000\/svg\"><path d=\"M646 125C629 125 613 133 604 142L308 442C296 454 292 471 292 487 292 504 296 521 308 533L604 854C617 867 629 875 646 875 663 875 679 871 692 858 704 846 713 829 713 812 713 796 708 779 692 767L438 487 692 225C700 217 708 204 708 187 708 171 704 154 692 142 675 129 663 125 646 125Z\"><\/path><\/svg>\t\t\t\t\t<\/div>\n\t\t\t\t\t<div class=\"elementor-swiper-button elementor-swiper-button-next\" role=\"button\" tabindex=\"0\">\n\t\t\t\t\t\t<svg aria-hidden=\"true\" class=\"e-font-icon-svg e-eicon-chevron-right\" viewBox=\"0 0 1000 1000\" xmlns=\"http:\/\/www.w3.org\/2000\/svg\"><path d=\"M696 533C708 521 713 504 713 487 713 471 708 454 696 446L400 146C388 133 375 125 354 125 338 125 325 129 313 142 300 154 292 171 292 187 292 204 296 221 308 233L563 492 304 771C292 783 288 800 288 817 288 833 296 850 308 863 321 871 338 875 354 875 371 875 388 867 400 854L696 533Z\"><\/path><\/svg>\t\t\t\t\t<\/div>\n\t\t\t\t\n\t\t\t\t\t\t\t\t\t<\/div>\n\t\t\t\t\t\t<\/div>\n\t\t\t\t<\/div>\n\t\t\t\t\t<\/div>\n\t\t<\/div>\n\t\t\t\t<div class=\"elementor-column elementor-col-50 elementor-inner-column elementor-element elementor-element-74e640d3\" data-id=\"74e640d3\" data-element_type=\"column\" data-e-type=\"column\">\n\t\t\t<div class=\"elementor-widget-wrap elementor-element-populated\">\n\t\t\t\t\t\t<div class=\"elementor-element elementor-element-ae29bd1 elementor-invisible elementor-widget elementor-widget-heading\" data-id=\"ae29bd1\" data-element_type=\"widget\" data-e-type=\"widget\" data-settings=\"{&quot;_animation&quot;:&quot;fadeInRight&quot;}\" data-widget_type=\"heading.default\">\n\t\t\t\t<div class=\"elementor-widget-container\">\n\t\t\t\t\t<h1 class=\"elementor-heading-title elementor-size-default\">All Day mix<\/h1>\t\t\t\t<\/div>\n\t\t\t\t<\/div>\n\t\t\t\t<section class=\"elementor-section elementor-inner-section elementor-element elementor-element-6aada71e elementor-section-full_width elementor-section-content-middle elementor-section-height-default elementor-section-height-default elementor-invisible\" data-id=\"6aada71e\" data-element_type=\"section\" data-e-type=\"section\" data-settings=\"{&quot;animation&quot;:&quot;fadeInRight&quot;}\">\n\t\t\t\t\t\t<div class=\"elementor-container elementor-column-gap-no\">\n\t\t\t\t\t<div class=\"elementor-column elementor-col-100 elementor-inner-column elementor-element elementor-element-72789d6f\" data-id=\"72789d6f\" data-element_type=\"column\" data-e-type=\"column\">\n\t\t\t<div class=\"elementor-widget-wrap elementor-element-populated\">\n\t\t\t\t\t\t<div class=\"elementor-element elementor-element-2bc9d5be elementor-widget elementor-widget-text-editor\" data-id=\"2bc9d5be\" data-element_type=\"widget\" data-e-type=\"widget\" data-widget_type=\"text-editor.default\">\n\t\t\t\t<div class=\"elementor-widget-container\">\n\t\t\t\t\t\t\t\t\t<p>\u00a1La combinaci\u00f3n perfecta de nueces y semillas ha llegado para revolucionar tu snack!<br \/><br \/>Descubre nuestro mix de man\u00ed repelado tostado, casta\u00f1as de caj\u00fa, almendras y semillas de zapallo, \u00a1todo en su punto justo de tostado para un sabor incre\u00edble!<br \/><br \/>\ud83d\udd38 Man\u00ed repelado tostado: Crujiente y delicioso, con un toque de sal que realza su sabor.<br \/>\ud83d\udd38 Casta\u00f1a de caj\u00fa tostada: Suave, cremosa y llena de nutrientes.<br \/>\ud83d\udd38 Almendras: Un cl\u00e1sico para mantenerte saciado y saludable.<br \/>\ud83d\udd38 Semillas de zapallo tostado: Un extra crujiente lleno de beneficios.<br \/><br \/>Perfecto para picar entre comidas, a\u00f1adir a tu ensalada o simplemente disfrutar como snack. \u00a1Haz que cada bocado cuente!<\/p>\t\t\t\t\t\t\t\t<\/div>\n\t\t\t\t<\/div>\n\t\t<div class=\"elementor-element elementor-element-6d1ab4df e-flex e-con-boxed e-con e-parent\" data-id=\"6d1ab4df\" data-element_type=\"container\" data-e-type=\"container\">\n\t\t\t\t\t<div class=\"e-con-inner\">\n\t\t\t\t<div class=\"elementor-element elementor-element-15ebd808 elementor-align-center elementor-widget elementor-widget-button\" data-id=\"15ebd808\" data-element_type=\"widget\" data-e-type=\"widget\" data-widget_type=\"button.default\">\n\t\t\t\t<div class=\"elementor-widget-container\">\n\t\t\t\t\t\t\t\t\t<div class=\"elementor-button-wrapper\">\n\t\t\t\t\t<a class=\"elementor-button elementor-button-link elementor-size-sm elementor-animation-grow\" href=\"https:\/\/alimentosynegocios.com.ar\/es\/tienda\/\">\n\t\t\t\t\t\t<span class=\"elementor-button-content-wrapper\">\n\t\t\t\t\t\t<span class=\"elementor-button-icon\">\n\t\t\t\t<svg aria-hidden=\"true\" class=\"e-font-icon-svg e-fas-shopping-cart\" viewBox=\"0 0 576 512\" xmlns=\"http:\/\/www.w3.org\/2000\/svg\"><path d=\"M528.12 301.319l47.273-208C578.806 78.301 567.391 64 551.99 64H159.208l-9.166-44.81C147.758 8.021 137.93 0 126.529 0H24C10.745 0 0 10.745 0 24v16c0 13.255 10.745 24 24 24h69.883l70.248 343.435C147.325 417.1 136 435.222 136 456c0 30.928 25.072 56 56 56s56-25.072 56-56c0-15.674-6.447-29.835-16.824-40h209.647C430.447 426.165 424 440.326 424 456c0 30.928 25.072 56 56 56s56-25.072 56-56c0-22.172-12.888-41.332-31.579-50.405l5.517-24.276c3.413-15.018-8.002-29.319-23.403-29.319H218.117l-6.545-32h293.145c11.206 0 20.92-7.754 23.403-18.681z\"><\/path><\/svg>\t\t\t<\/span>\n\t\t\t\t\t\t\t\t\t<span class=\"elementor-button-text\">Comprar<\/span>\n\t\t\t\t\t<\/span>\n\t\t\t\t\t<\/a>\n\t\t\t\t<\/div>\n\t\t\t\t\t\t\t\t<\/div>\n\t\t\t\t<\/div>\n\t\t\t\t\t<\/div>\n\t\t\t\t<\/div>\n\t\t\t\t\t<\/div>\n\t\t<\/div>\n\t\t\t\t\t<\/div>\n\t\t<\/section>\n\t\t\t\t\t<\/div>\n\t\t<\/div>\n\t\t\t\t\t<\/div>\n\t\t<\/section>\n\t\t\t\t\t<\/div>\n\t\t<\/div>\n\t\t\t\t\t<\/div>\n\t\t<\/section>\n\t\t\t\t<\/div>\n\t\t","protected":false},"excerpt":{"rendered":"<p>All Day mix \u00a1La combinaci\u00f3n perfecta de nueces y semillas ha llegado para revolucionar tu snack! Descubre nuestro mix de [&hellip;]<\/p>\n","protected":false},"author":4,"featured_media":0,"parent":0,"menu_order":0,"comment_status":"closed","ping_status":"closed","template":"elementor_header_footer","meta":{"site-sidebar-layout":"no-sidebar","site-content-layout":"","ast-site-content-layout":"full-width-container","site-content-style":"default","site-sidebar-style":"default","ast-global-header-display":"","ast-banner-title-visibility":"","ast-main-header-display":"","ast-hfb-above-header-display":"","ast-hfb-below-header-display":"","ast-hfb-mobile-header-display":"","site-post-title":"disabled","ast-breadcrumbs-content":"","ast-featured-img":"disabled","footer-sml-layout":"","ast-disable-related-posts":"","theme-transparent-header-meta":"","adv-header-id-meta":"","stick-header-meta":"","header-above-stick-meta":"","header-main-stick-meta":"","header-below-stick-meta":"","astra-migrate-meta-layouts":"default","ast-page-background-enabled":"default","ast-page-background-meta":{"desktop":{"background-color":"var(--ast-global-color-4)","background-image":"","background-repeat":"repeat","background-position":"center center","background-size":"auto","background-attachment":"scroll","background-type":"","background-media":"","overlay-type":"","overlay-color":"","overlay-opacity":"","overlay-gradient":""},"tablet":{"background-color":"","background-image":"","background-repeat":"repeat","background-position":"center center","background-size":"auto","background-attachment":"scroll","background-type":"","background-media":"","overlay-type":"","overlay-color":"","overlay-opacity":"","overlay-gradient":""},"mobile":{"background-color":"","background-image":"","background-repeat":"repeat","background-position":"center center","background-size":"auto","background-attachment":"scroll","background-type":"","background-media":"","overlay-type":"","overlay-color":"","overlay-opacity":"","overlay-gradient":""}},"ast-content-background-meta":{"desktop":{"background-color":"var(--ast-global-color-5)","background-image":"","background-repeat":"repeat","background-position":"center center","background-size":"auto","background-attachment":"scroll","background-type":"","background-media":"","overlay-type":"","overlay-color":"","overlay-opacity":"","overlay-gradient":""},"tablet":{"background-color":"var(--ast-global-color-5)","background-image":"","background-repeat":"repeat","background-position":"center center","background-size":"auto","background-attachment":"scroll","background-type":"","background-media":"","overlay-type":"","overlay-color":"","overlay-opacity":"","overlay-gradient":""},"mobile":{"background-color":"var(--ast-global-color-5)","background-image":"","background-repeat":"repeat","background-position":"center center","background-size":"auto","background-attachment":"scroll","background-type":"","background-media":"","overlay-type":"","overlay-color":"","overlay-opacity":"","overlay-gradient":""}},"_joinchat":[],"footnotes":""},"class_list":["post-5586","page","type-page","status-publish","hentry"],"yoast_head":"<!-- This site is optimized with the Yoast SEO plugin v25.5 - https:\/\/yoast.com\/wordpress\/plugins\/seo\/ -->\n<title>All Day Mix - Alimentos y Negocios SRL<\/title>\n<meta name=\"robots\" content=\"index, follow, max-snippet:-1, max-image-preview:large, max-video-preview:-1\" \/>\n<link rel=\"canonical\" href=\"https:\/\/alimentosynegocios.com.ar\/es\/all-day-mix\/\" \/>\n<meta property=\"og:locale\" content=\"es_ES\" \/>\n<meta property=\"og:type\" content=\"article\" \/>\n<meta property=\"og:title\" content=\"All Day Mix - Alimentos y Negocios SRL\" \/>\n<meta property=\"og:description\" content=\"All Day mix \u00a1La combinaci\u00f3n perfecta de nueces y semillas ha llegado para revolucionar tu snack! Descubre nuestro mix de [&hellip;]\" \/>\n<meta property=\"og:url\" content=\"https:\/\/alimentosynegocios.com.ar\/es\/all-day-mix\/\" \/>\n<meta property=\"og:site_name\" content=\"Alimentos y Negocios SRL\" \/>\n<meta property=\"article:modified_time\" content=\"2024-08-24T14:08:48+00:00\" \/>\n<meta property=\"og:image\" content=\"https:\/\/alimentosynegocios.com.ar\/es\/wp-content\/uploads\/2024\/03\/Logo-Aramel-original.png\" \/>\n\t<meta property=\"og:image:width\" content=\"1280\" \/>\n\t<meta property=\"og:image:height\" content=\"660\" \/>\n\t<meta property=\"og:image:type\" content=\"image\/png\" \/>\n<meta name=\"twitter:card\" content=\"summary_large_image\" \/>\n<meta name=\"twitter:label1\" content=\"Tiempo de lectura\" \/>\n\t<meta name=\"twitter:data1\" content=\"1 minuto\" \/>\n<script type=\"application\/ld+json\" class=\"yoast-schema-graph\">{\"@context\":\"https:\/\/schema.org\",\"@graph\":[{\"@type\":\"WebPage\",\"@id\":\"https:\/\/alimentosynegocios.com.ar\/es\/all-day-mix\/\",\"url\":\"https:\/\/alimentosynegocios.com.ar\/es\/all-day-mix\/\",\"name\":\"All Day Mix - Alimentos y Negocios SRL\",\"isPartOf\":{\"@id\":\"https:\/\/alimentosynegocios.com.ar\/es\/#website\"},\"primaryImageOfPage\":{\"@id\":\"https:\/\/alimentosynegocios.com.ar\/es\/all-day-mix\/#primaryimage\"},\"image\":{\"@id\":\"https:\/\/alimentosynegocios.com.ar\/es\/all-day-mix\/#primaryimage\"},\"thumbnailUrl\":\"https:\/\/alimentosynegocios.com.ar\/es\/wp-content\/uploads\/2024\/03\/Logo-Aramel-original-300x155.png\",\"datePublished\":\"2024-08-22T14:59:57+00:00\",\"dateModified\":\"2024-08-24T14:08:48+00:00\",\"breadcrumb\":{\"@id\":\"https:\/\/alimentosynegocios.com.ar\/es\/all-day-mix\/#breadcrumb\"},\"inLanguage\":\"es\",\"potentialAction\":[{\"@type\":\"ReadAction\",\"target\":[\"https:\/\/alimentosynegocios.com.ar\/es\/all-day-mix\/\"]}]},{\"@type\":\"ImageObject\",\"inLanguage\":\"es\",\"@id\":\"https:\/\/alimentosynegocios.com.ar\/es\/all-day-mix\/#primaryimage\",\"url\":\"https:\/\/alimentosynegocios.com.ar\/es\/wp-content\/uploads\/2024\/03\/Logo-Aramel-original.png\",\"contentUrl\":\"https:\/\/alimentosynegocios.com.ar\/es\/wp-content\/uploads\/2024\/03\/Logo-Aramel-original.png\",\"width\":1280,\"height\":660,\"caption\":\"Logo Aramel original\"},{\"@type\":\"BreadcrumbList\",\"@id\":\"https:\/\/alimentosynegocios.com.ar\/es\/all-day-mix\/#breadcrumb\",\"itemListElement\":[{\"@type\":\"ListItem\",\"position\":1,\"name\":\"Portada\",\"item\":\"https:\/\/alimentosynegocios.com.ar\/es\/\"},{\"@type\":\"ListItem\",\"position\":2,\"name\":\"All Day Mix\"}]},{\"@type\":\"WebSite\",\"@id\":\"https:\/\/alimentosynegocios.com.ar\/es\/#website\",\"url\":\"https:\/\/alimentosynegocios.com.ar\/es\/\",\"name\":\"Alimentos y Negocios SRL\",\"description\":\"Premezclas para panader\u00eda y reposter\u00eda. Molienda de semillas\",\"publisher\":{\"@id\":\"https:\/\/alimentosynegocios.com.ar\/es\/#organization\"},\"potentialAction\":[{\"@type\":\"SearchAction\",\"target\":{\"@type\":\"EntryPoint\",\"urlTemplate\":\"https:\/\/alimentosynegocios.com.ar\/es\/?s={search_term_string}\"},\"query-input\":{\"@type\":\"PropertyValueSpecification\",\"valueRequired\":true,\"valueName\":\"search_term_string\"}}],\"inLanguage\":\"es\"},{\"@type\":\"Organization\",\"@id\":\"https:\/\/alimentosynegocios.com.ar\/es\/#organization\",\"name\":\"Alimentos y Negocios SRL\",\"url\":\"https:\/\/alimentosynegocios.com.ar\/es\/\",\"logo\":{\"@type\":\"ImageObject\",\"inLanguage\":\"es\",\"@id\":\"https:\/\/alimentosynegocios.com.ar\/es\/#\/schema\/logo\/image\/\",\"url\":\"https:\/\/alimentosynegocios.com.ar\/es\/wp-content\/uploads\/2024\/03\/cropped-Logo-Rombo-1.png\",\"contentUrl\":\"https:\/\/alimentosynegocios.com.ar\/es\/wp-content\/uploads\/2024\/03\/cropped-Logo-Rombo-1.png\",\"width\":442,\"height\":442,\"caption\":\"Alimentos y Negocios SRL\"},\"image\":{\"@id\":\"https:\/\/alimentosynegocios.com.ar\/es\/#\/schema\/logo\/image\/\"}}]}<\/script>\n<!-- \/ Yoast SEO plugin. -->","yoast_head_json":{"title":"All Day Mix - Alimentos y Negocios SRL","robots":{"index":"index","follow":"follow","max-snippet":"max-snippet:-1","max-image-preview":"max-image-preview:large","max-video-preview":"max-video-preview:-1"},"canonical":"https:\/\/alimentosynegocios.com.ar\/es\/all-day-mix\/","og_locale":"es_ES","og_type":"article","og_title":"All Day Mix - Alimentos y Negocios SRL","og_description":"All Day mix \u00a1La combinaci\u00f3n perfecta de nueces y semillas ha llegado para revolucionar tu snack! Descubre nuestro mix de [&hellip;]","og_url":"https:\/\/alimentosynegocios.com.ar\/es\/all-day-mix\/","og_site_name":"Alimentos y Negocios SRL","article_modified_time":"2024-08-24T14:08:48+00:00","og_image":[{"width":1280,"height":660,"url":"https:\/\/alimentosynegocios.com.ar\/es\/wp-content\/uploads\/2024\/03\/Logo-Aramel-original.png","type":"image\/png"}],"twitter_card":"summary_large_image","twitter_misc":{"Tiempo de lectura":"1 minuto"},"schema":{"@context":"https:\/\/schema.org","@graph":[{"@type":"WebPage","@id":"https:\/\/alimentosynegocios.com.ar\/es\/all-day-mix\/","url":"https:\/\/alimentosynegocios.com.ar\/es\/all-day-mix\/","name":"All Day Mix - Alimentos y Negocios SRL","isPartOf":{"@id":"https:\/\/alimentosynegocios.com.ar\/es\/#website"},"primaryImageOfPage":{"@id":"https:\/\/alimentosynegocios.com.ar\/es\/all-day-mix\/#primaryimage"},"image":{"@id":"https:\/\/alimentosynegocios.com.ar\/es\/all-day-mix\/#primaryimage"},"thumbnailUrl":"https:\/\/alimentosynegocios.com.ar\/es\/wp-content\/uploads\/2024\/03\/Logo-Aramel-original-300x155.png","datePublished":"2024-08-22T14:59:57+00:00","dateModified":"2024-08-24T14:08:48+00:00","breadcrumb":{"@id":"https:\/\/alimentosynegocios.com.ar\/es\/all-day-mix\/#breadcrumb"},"inLanguage":"es","potentialAction":[{"@type":"ReadAction","target":["https:\/\/alimentosynegocios.com.ar\/es\/all-day-mix\/"]}]},{"@type":"ImageObject","inLanguage":"es","@id":"https:\/\/alimentosynegocios.com.ar\/es\/all-day-mix\/#primaryimage","url":"https:\/\/alimentosynegocios.com.ar\/es\/wp-content\/uploads\/2024\/03\/Logo-Aramel-original.png","contentUrl":"https:\/\/alimentosynegocios.com.ar\/es\/wp-content\/uploads\/2024\/03\/Logo-Aramel-original.png","width":1280,"height":660,"caption":"Logo Aramel original"},{"@type":"BreadcrumbList","@id":"https:\/\/alimentosynegocios.com.ar\/es\/all-day-mix\/#breadcrumb","itemListElement":[{"@type":"ListItem","position":1,"name":"Portada","item":"https:\/\/alimentosynegocios.com.ar\/es\/"},{"@type":"ListItem","position":2,"name":"All Day Mix"}]},{"@type":"WebSite","@id":"https:\/\/alimentosynegocios.com.ar\/es\/#website","url":"https:\/\/alimentosynegocios.com.ar\/es\/","name":"Alimentos y Negocios SRL","description":"Premezclas para panader\u00eda y reposter\u00eda. Molienda de semillas","publisher":{"@id":"https:\/\/alimentosynegocios.com.ar\/es\/#organization"},"potentialAction":[{"@type":"SearchAction","target":{"@type":"EntryPoint","urlTemplate":"https:\/\/alimentosynegocios.com.ar\/es\/?s={search_term_string}"},"query-input":{"@type":"PropertyValueSpecification","valueRequired":true,"valueName":"search_term_string"}}],"inLanguage":"es"},{"@type":"Organization","@id":"https:\/\/alimentosynegocios.com.ar\/es\/#organization","name":"Alimentos y Negocios SRL","url":"https:\/\/alimentosynegocios.com.ar\/es\/","logo":{"@type":"ImageObject","inLanguage":"es","@id":"https:\/\/alimentosynegocios.com.ar\/es\/#\/schema\/logo\/image\/","url":"https:\/\/alimentosynegocios.com.ar\/es\/wp-content\/uploads\/2024\/03\/cropped-Logo-Rombo-1.png","contentUrl":"https:\/\/alimentosynegocios.com.ar\/es\/wp-content\/uploads\/2024\/03\/cropped-Logo-Rombo-1.png","width":442,"height":442,"caption":"Alimentos y Negocios SRL"},"image":{"@id":"https:\/\/alimentosynegocios.com.ar\/es\/#\/schema\/logo\/image\/"}}]}},"_links":{"self":[{"href":"https:\/\/alimentosynegocios.com.ar\/es\/wp-json\/wp\/v2\/pages\/5586","targetHints":{"allow":["GET"]}}],"collection":[{"href":"https:\/\/alimentosynegocios.com.ar\/es\/wp-json\/wp\/v2\/pages"}],"about":[{"href":"https:\/\/alimentosynegocios.com.ar\/es\/wp-json\/wp\/v2\/types\/page"}],"author":[{"embeddable":true,"href":"https:\/\/alimentosynegocios.com.ar\/es\/wp-json\/wp\/v2\/users\/4"}],"replies":[{"embeddable":true,"href":"https:\/\/alimentosynegocios.com.ar\/es\/wp-json\/wp\/v2\/comments?post=5586"}],"version-history":[{"count":11,"href":"https:\/\/alimentosynegocios.com.ar\/es\/wp-json\/wp\/v2\/pages\/5586\/revisions"}],"predecessor-version":[{"id":5637,"href":"https:\/\/alimentosynegocios.com.ar\/es\/wp-json\/wp\/v2\/pages\/5586\/revisions\/5637"}],"wp:attachment":[{"href":"https:\/\/alimentosynegocios.com.ar\/es\/wp-json\/wp\/v2\/media?parent=5586"}],"curies":[{"name":"wp","href":"https:\/\/api.w.org\/{rel}","templated":true}]}}