{"id":5559,"date":"2024-08-22T11:52:47","date_gmt":"2024-08-22T14:52:47","guid":{"rendered":"https:\/\/alimentosynegocios.com.ar\/es\/?page_id=5559"},"modified":"2024-08-24T11:07:48","modified_gmt":"2024-08-24T14:07:48","slug":"salad-mix","status":"publish","type":"page","link":"https:\/\/alimentosynegocios.com.ar\/es\/salad-mix\/","title":{"rendered":"Salad Mix"},"content":{"rendered":"\t\t<div data-elementor-type=\"wp-page\" data-elementor-id=\"5559\" class=\"elementor elementor-5559\">\n\t\t\t\t\t\t<section class=\"elementor-section elementor-top-section elementor-element elementor-element-5a5c2335 elementor-section-boxed elementor-section-height-default elementor-section-height-default\" data-id=\"5a5c2335\" data-element_type=\"section\" data-e-type=\"section\" data-settings=\"{&quot;background_background&quot;:&quot;classic&quot;}\">\n\t\t\t\t\t\t<div class=\"elementor-container elementor-column-gap-no\">\n\t\t\t\t\t<div class=\"elementor-column elementor-col-100 elementor-top-column elementor-element elementor-element-640d562e\" data-id=\"640d562e\" data-element_type=\"column\" data-e-type=\"column\">\n\t\t\t<div class=\"elementor-widget-wrap elementor-element-populated\">\n\t\t\t\t\t\t<div class=\"elementor-element elementor-element-5af53431 elementor-widget elementor-widget-image\" data-id=\"5af53431\" data-element_type=\"widget\" data-e-type=\"widget\" data-widget_type=\"image.default\">\n\t\t\t\t<div class=\"elementor-widget-container\">\n\t\t\t\t\t\t\t\t\t\t\t\t\t\t\t<img decoding=\"async\" width=\"300\" height=\"155\" src=\"https:\/\/alimentosynegocios.com.ar\/es\/wp-content\/uploads\/2024\/03\/Logo-Aramel-original-300x155.png\" class=\"attachment-medium size-medium wp-image-4702\" alt=\"Logo Aramel original\" srcset=\"https:\/\/alimentosynegocios.com.ar\/es\/wp-content\/uploads\/2024\/03\/Logo-Aramel-original-300x155.png 300w, https:\/\/alimentosynegocios.com.ar\/es\/wp-content\/uploads\/2024\/03\/Logo-Aramel-original-1024x528.png 1024w, https:\/\/alimentosynegocios.com.ar\/es\/wp-content\/uploads\/2024\/03\/Logo-Aramel-original-768x396.png 768w, https:\/\/alimentosynegocios.com.ar\/es\/wp-content\/uploads\/2024\/03\/Logo-Aramel-original-600x309.png 600w, https:\/\/alimentosynegocios.com.ar\/es\/wp-content\/uploads\/2024\/03\/Logo-Aramel-original.png 1280w\" sizes=\"(max-width: 300px) 100vw, 300px\" \/>\t\t\t\t\t\t\t\t\t\t\t\t\t\t\t<\/div>\n\t\t\t\t<\/div>\n\t\t\t\t\t<\/div>\n\t\t<\/div>\n\t\t\t\t\t<\/div>\n\t\t<\/section>\n\t\t\t\t<section class=\"elementor-section elementor-top-section elementor-element elementor-element-3593145b elementor-section-boxed elementor-section-height-default elementor-section-height-default\" data-id=\"3593145b\" data-element_type=\"section\" data-e-type=\"section\">\n\t\t\t\t\t\t<div class=\"elementor-container elementor-column-gap-no\">\n\t\t\t\t\t<div class=\"elementor-column elementor-col-100 elementor-top-column elementor-element elementor-element-7299652c\" data-id=\"7299652c\" data-element_type=\"column\" data-e-type=\"column\">\n\t\t\t<div class=\"elementor-widget-wrap elementor-element-populated\">\n\t\t\t\t\t\t<section class=\"elementor-section elementor-inner-section elementor-element elementor-element-39f40f6a elementor-section-full_width elementor-section-content-middle elementor-section-height-default elementor-section-height-default\" data-id=\"39f40f6a\" data-element_type=\"section\" data-e-type=\"section\">\n\t\t\t\t\t\t<div class=\"elementor-container elementor-column-gap-no\">\n\t\t\t\t\t<div class=\"elementor-column elementor-col-50 elementor-inner-column elementor-element elementor-element-74357cfd\" data-id=\"74357cfd\" data-element_type=\"column\" data-e-type=\"column\">\n\t\t\t<div class=\"elementor-widget-wrap elementor-element-populated\">\n\t\t\t\t\t\t<div class=\"elementor-element elementor-element-5dd95263 e-transform elementor-arrows-position-inside elementor-widget elementor-widget-image-carousel\" data-id=\"5dd95263\" data-element_type=\"widget\" data-e-type=\"widget\" data-settings=\"{&quot;slides_to_show&quot;:&quot;1&quot;,&quot;navigation&quot;:&quot;arrows&quot;,&quot;_transform_scale_effect_hover&quot;:{&quot;unit&quot;:&quot;px&quot;,&quot;size&quot;:1.2,&quot;sizes&quot;:[]},&quot;autoplay&quot;:&quot;yes&quot;,&quot;pause_on_hover&quot;:&quot;yes&quot;,&quot;pause_on_interaction&quot;:&quot;yes&quot;,&quot;autoplay_speed&quot;:5000,&quot;infinite&quot;:&quot;yes&quot;,&quot;effect&quot;:&quot;slide&quot;,&quot;speed&quot;:500,&quot;_transform_scale_effect_hover_tablet&quot;:{&quot;unit&quot;:&quot;px&quot;,&quot;size&quot;:&quot;&quot;,&quot;sizes&quot;:[]},&quot;_transform_scale_effect_hover_mobile&quot;:{&quot;unit&quot;:&quot;px&quot;,&quot;size&quot;:&quot;&quot;,&quot;sizes&quot;:[]}}\" data-widget_type=\"image-carousel.default\">\n\t\t\t\t<div class=\"elementor-widget-container\">\n\t\t\t\t\t\t\t<div class=\"elementor-image-carousel-wrapper swiper\" role=\"region\" aria-roledescription=\"carousel\" aria-label=\"Carrusel de im\u00e1genes\" dir=\"ltr\">\n\t\t\t<div class=\"elementor-image-carousel swiper-wrapper\" aria-live=\"off\">\n\t\t\t\t\t\t\t\t<div class=\"swiper-slide\" role=\"group\" aria-roledescription=\"slide\" aria-label=\"1 de 2\"><figure class=\"swiper-slide-inner\"><img decoding=\"async\" class=\"swiper-slide-image\" src=\"https:\/\/alimentosynegocios.com.ar\/es\/wp-content\/uploads\/2024\/03\/saladmix-683x1024.jpg\" alt=\"aramel salad mix\" \/><\/figure><\/div><div class=\"swiper-slide\" role=\"group\" aria-roledescription=\"slide\" aria-label=\"2 de 2\"><figure class=\"swiper-slide-inner\"><img decoding=\"async\" class=\"swiper-slide-image\" src=\"https:\/\/alimentosynegocios.com.ar\/es\/wp-content\/uploads\/2024\/03\/saladmixdorso-1-683x1024.jpg\" alt=\"saladmixdorso\" \/><\/figure><\/div>\t\t\t<\/div>\n\t\t\t\t\t\t\t\t\t\t\t\t<div class=\"elementor-swiper-button elementor-swiper-button-prev\" role=\"button\" tabindex=\"0\">\n\t\t\t\t\t\t<svg aria-hidden=\"true\" class=\"e-font-icon-svg e-eicon-chevron-left\" viewBox=\"0 0 1000 1000\" xmlns=\"http:\/\/www.w3.org\/2000\/svg\"><path d=\"M646 125C629 125 613 133 604 142L308 442C296 454 292 471 292 487 292 504 296 521 308 533L604 854C617 867 629 875 646 875 663 875 679 871 692 858 704 846 713 829 713 812 713 796 708 779 692 767L438 487 692 225C700 217 708 204 708 187 708 171 704 154 692 142 675 129 663 125 646 125Z\"><\/path><\/svg>\t\t\t\t\t<\/div>\n\t\t\t\t\t<div class=\"elementor-swiper-button elementor-swiper-button-next\" role=\"button\" tabindex=\"0\">\n\t\t\t\t\t\t<svg aria-hidden=\"true\" class=\"e-font-icon-svg e-eicon-chevron-right\" viewBox=\"0 0 1000 1000\" xmlns=\"http:\/\/www.w3.org\/2000\/svg\"><path d=\"M696 533C708 521 713 504 713 487 713 471 708 454 696 446L400 146C388 133 375 125 354 125 338 125 325 129 313 142 300 154 292 171 292 187 292 204 296 221 308 233L563 492 304 771C292 783 288 800 288 817 288 833 296 850 308 863 321 871 338 875 354 875 371 875 388 867 400 854L696 533Z\"><\/path><\/svg>\t\t\t\t\t<\/div>\n\t\t\t\t\n\t\t\t\t\t\t\t\t\t<\/div>\n\t\t\t\t\t\t<\/div>\n\t\t\t\t<\/div>\n\t\t\t\t\t<\/div>\n\t\t<\/div>\n\t\t\t\t<div class=\"elementor-column elementor-col-50 elementor-inner-column elementor-element elementor-element-4a13e29e\" data-id=\"4a13e29e\" data-element_type=\"column\" data-e-type=\"column\">\n\t\t\t<div class=\"elementor-widget-wrap elementor-element-populated\">\n\t\t\t\t\t\t<div class=\"elementor-element elementor-element-43e1b690 elementor-invisible elementor-widget elementor-widget-heading\" data-id=\"43e1b690\" data-element_type=\"widget\" data-e-type=\"widget\" data-settings=\"{&quot;_animation&quot;:&quot;fadeInRight&quot;}\" data-widget_type=\"heading.default\">\n\t\t\t\t<div class=\"elementor-widget-container\">\n\t\t\t\t\t<h1 class=\"elementor-heading-title elementor-size-default\">Salad mix<\/h1>\t\t\t\t<\/div>\n\t\t\t\t<\/div>\n\t\t\t\t<section class=\"elementor-section elementor-inner-section elementor-element elementor-element-57e103fc elementor-section-full_width elementor-section-content-middle elementor-section-height-default elementor-section-height-default elementor-invisible\" data-id=\"57e103fc\" data-element_type=\"section\" data-e-type=\"section\" data-settings=\"{&quot;animation&quot;:&quot;fadeInRight&quot;}\">\n\t\t\t\t\t\t<div class=\"elementor-container elementor-column-gap-no\">\n\t\t\t\t\t<div class=\"elementor-column elementor-col-100 elementor-inner-column elementor-element elementor-element-468ef91a\" data-id=\"468ef91a\" data-element_type=\"column\" data-e-type=\"column\">\n\t\t\t<div class=\"elementor-widget-wrap elementor-element-populated\">\n\t\t\t\t\t\t<div class=\"elementor-element elementor-element-555067dc elementor-widget elementor-widget-text-editor\" data-id=\"555067dc\" data-element_type=\"widget\" data-e-type=\"widget\" data-widget_type=\"text-editor.default\">\n\t\t\t\t<div class=\"elementor-widget-container\">\n\t\t\t\t\t\t\t\t\t<p>\u00a1Lleva tus platos al siguiente nivel con nuestro mix de semillas tostadas!<br \/><br \/>Presentamos la combinaci\u00f3n perfecta de lino tostado, s\u00e9samo integral, semillas de girasol peladas y ch\u00eda.<\/p><p>Ideal para darle ese toque crujiente y nutritivo a tus comidas. \u00a1Perfecto para usar como topping de carnes, ensaladas o como rebozador para tus recetas favoritas!<br \/><br \/>\ud83d\udd38 Lino tostado: A\u00f1ade un sabor sutil y un extra de fibra.<br \/>\ud83d\udd38 S\u00e9samo integral tostado: Un cl\u00e1sico que aporta un toque de textura y nutrici\u00f3n.<br \/>\ud83d\udd38 Semillas de girasol peladas: Crujientes y llenas de vitaminas.<br \/>\ud83d\udd38 Ch\u00eda: Superfood para potenciar tu salud y sabor.<br \/><br \/>Transforma cada comida en una experiencia deliciosa y saludable. \u00a1Atr\u00e9vete a innovar en la cocina!<\/p>\t\t\t\t\t\t\t\t<\/div>\n\t\t\t\t<\/div>\n\t\t<div class=\"elementor-element elementor-element-9680bff e-flex e-con-boxed e-con e-parent\" data-id=\"9680bff\" data-element_type=\"container\" data-e-type=\"container\">\n\t\t\t\t\t<div class=\"e-con-inner\">\n\t\t\t\t<div class=\"elementor-element elementor-element-19341184 elementor-align-center elementor-widget elementor-widget-button\" data-id=\"19341184\" data-element_type=\"widget\" data-e-type=\"widget\" data-widget_type=\"button.default\">\n\t\t\t\t<div class=\"elementor-widget-container\">\n\t\t\t\t\t\t\t\t\t<div class=\"elementor-button-wrapper\">\n\t\t\t\t\t<a class=\"elementor-button elementor-button-link elementor-size-sm elementor-animation-grow\" href=\"https:\/\/alimentosynegocios.com.ar\/es\/tienda\/\">\n\t\t\t\t\t\t<span class=\"elementor-button-content-wrapper\">\n\t\t\t\t\t\t<span class=\"elementor-button-icon\">\n\t\t\t\t<svg aria-hidden=\"true\" class=\"e-font-icon-svg e-fas-shopping-cart\" viewBox=\"0 0 576 512\" xmlns=\"http:\/\/www.w3.org\/2000\/svg\"><path d=\"M528.12 301.319l47.273-208C578.806 78.301 567.391 64 551.99 64H159.208l-9.166-44.81C147.758 8.021 137.93 0 126.529 0H24C10.745 0 0 10.745 0 24v16c0 13.255 10.745 24 24 24h69.883l70.248 343.435C147.325 417.1 136 435.222 136 456c0 30.928 25.072 56 56 56s56-25.072 56-56c0-15.674-6.447-29.835-16.824-40h209.647C430.447 426.165 424 440.326 424 456c0 30.928 25.072 56 56 56s56-25.072 56-56c0-22.172-12.888-41.332-31.579-50.405l5.517-24.276c3.413-15.018-8.002-29.319-23.403-29.319H218.117l-6.545-32h293.145c11.206 0 20.92-7.754 23.403-18.681z\"><\/path><\/svg>\t\t\t<\/span>\n\t\t\t\t\t\t\t\t\t<span class=\"elementor-button-text\">Comprar<\/span>\n\t\t\t\t\t<\/span>\n\t\t\t\t\t<\/a>\n\t\t\t\t<\/div>\n\t\t\t\t\t\t\t\t<\/div>\n\t\t\t\t<\/div>\n\t\t\t\t\t<\/div>\n\t\t\t\t<\/div>\n\t\t\t\t\t<\/div>\n\t\t<\/div>\n\t\t\t\t\t<\/div>\n\t\t<\/section>\n\t\t\t\t\t<\/div>\n\t\t<\/div>\n\t\t\t\t\t<\/div>\n\t\t<\/section>\n\t\t\t\t\t<\/div>\n\t\t<\/div>\n\t\t\t\t\t<\/div>\n\t\t<\/section>\n\t\t\t\t<\/div>\n\t\t","protected":false},"excerpt":{"rendered":"<p>Salad mix \u00a1Lleva tus platos al siguiente nivel con nuestro mix de semillas tostadas! Presentamos la combinaci\u00f3n perfecta de lino [&hellip;]<\/p>\n","protected":false},"author":4,"featured_media":0,"parent":0,"menu_order":0,"comment_status":"closed","ping_status":"closed","template":"elementor_header_footer","meta":{"site-sidebar-layout":"no-sidebar","site-content-layout":"","ast-site-content-layout":"full-width-container","site-content-style":"default","site-sidebar-style":"default","ast-global-header-display":"","ast-banner-title-visibility":"","ast-main-header-display":"","ast-hfb-above-header-display":"","ast-hfb-below-header-display":"","ast-hfb-mobile-header-display":"","site-post-title":"disabled","ast-breadcrumbs-content":"","ast-featured-img":"disabled","footer-sml-layout":"","ast-disable-related-posts":"","theme-transparent-header-meta":"","adv-header-id-meta":"","stick-header-meta":"","header-above-stick-meta":"","header-main-stick-meta":"","header-below-stick-meta":"","astra-migrate-meta-layouts":"default","ast-page-background-enabled":"default","ast-page-background-meta":{"desktop":{"background-color":"var(--ast-global-color-4)","background-image":"","background-repeat":"repeat","background-position":"center center","background-size":"auto","background-attachment":"scroll","background-type":"","background-media":"","overlay-type":"","overlay-color":"","overlay-opacity":"","overlay-gradient":""},"tablet":{"background-color":"","background-image":"","background-repeat":"repeat","background-position":"center center","background-size":"auto","background-attachment":"scroll","background-type":"","background-media":"","overlay-type":"","overlay-color":"","overlay-opacity":"","overlay-gradient":""},"mobile":{"background-color":"","background-image":"","background-repeat":"repeat","background-position":"center center","background-size":"auto","background-attachment":"scroll","background-type":"","background-media":"","overlay-type":"","overlay-color":"","overlay-opacity":"","overlay-gradient":""}},"ast-content-background-meta":{"desktop":{"background-color":"var(--ast-global-color-5)","background-image":"","background-repeat":"repeat","background-position":"center center","background-size":"auto","background-attachment":"scroll","background-type":"","background-media":"","overlay-type":"","overlay-color":"","overlay-opacity":"","overlay-gradient":""},"tablet":{"background-color":"var(--ast-global-color-5)","background-image":"","background-repeat":"repeat","background-position":"center center","background-size":"auto","background-attachment":"scroll","background-type":"","background-media":"","overlay-type":"","overlay-color":"","overlay-opacity":"","overlay-gradient":""},"mobile":{"background-color":"var(--ast-global-color-5)","background-image":"","background-repeat":"repeat","background-position":"center center","background-size":"auto","background-attachment":"scroll","background-type":"","background-media":"","overlay-type":"","overlay-color":"","overlay-opacity":"","overlay-gradient":""}},"_joinchat":[],"footnotes":""},"class_list":["post-5559","page","type-page","status-publish","hentry"],"yoast_head":"<!-- This site is optimized with the Yoast SEO plugin v25.5 - https:\/\/yoast.com\/wordpress\/plugins\/seo\/ -->\n<title>Salad Mix - Alimentos y Negocios SRL<\/title>\n<meta name=\"robots\" content=\"index, follow, max-snippet:-1, max-image-preview:large, max-video-preview:-1\" \/>\n<link rel=\"canonical\" href=\"https:\/\/alimentosynegocios.com.ar\/es\/salad-mix\/\" \/>\n<meta property=\"og:locale\" content=\"es_ES\" \/>\n<meta property=\"og:type\" content=\"article\" \/>\n<meta property=\"og:title\" content=\"Salad Mix - Alimentos y Negocios SRL\" \/>\n<meta property=\"og:description\" content=\"Salad mix \u00a1Lleva tus platos al siguiente nivel con nuestro mix de semillas tostadas! Presentamos la combinaci\u00f3n perfecta de lino [&hellip;]\" \/>\n<meta property=\"og:url\" content=\"https:\/\/alimentosynegocios.com.ar\/es\/salad-mix\/\" \/>\n<meta property=\"og:site_name\" content=\"Alimentos y Negocios SRL\" \/>\n<meta property=\"article:modified_time\" content=\"2024-08-24T14:07:48+00:00\" \/>\n<meta property=\"og:image\" content=\"https:\/\/alimentosynegocios.com.ar\/es\/wp-content\/uploads\/2024\/03\/Logo-Aramel-original.png\" \/>\n\t<meta property=\"og:image:width\" content=\"1280\" \/>\n\t<meta property=\"og:image:height\" content=\"660\" \/>\n\t<meta property=\"og:image:type\" content=\"image\/png\" \/>\n<meta name=\"twitter:card\" content=\"summary_large_image\" \/>\n<meta name=\"twitter:label1\" content=\"Tiempo de lectura\" \/>\n\t<meta name=\"twitter:data1\" content=\"1 minuto\" \/>\n<script type=\"application\/ld+json\" class=\"yoast-schema-graph\">{\"@context\":\"https:\/\/schema.org\",\"@graph\":[{\"@type\":\"WebPage\",\"@id\":\"https:\/\/alimentosynegocios.com.ar\/es\/salad-mix\/\",\"url\":\"https:\/\/alimentosynegocios.com.ar\/es\/salad-mix\/\",\"name\":\"Salad Mix - Alimentos y Negocios SRL\",\"isPartOf\":{\"@id\":\"https:\/\/alimentosynegocios.com.ar\/es\/#website\"},\"primaryImageOfPage\":{\"@id\":\"https:\/\/alimentosynegocios.com.ar\/es\/salad-mix\/#primaryimage\"},\"image\":{\"@id\":\"https:\/\/alimentosynegocios.com.ar\/es\/salad-mix\/#primaryimage\"},\"thumbnailUrl\":\"https:\/\/alimentosynegocios.com.ar\/es\/wp-content\/uploads\/2024\/03\/Logo-Aramel-original-300x155.png\",\"datePublished\":\"2024-08-22T14:52:47+00:00\",\"dateModified\":\"2024-08-24T14:07:48+00:00\",\"breadcrumb\":{\"@id\":\"https:\/\/alimentosynegocios.com.ar\/es\/salad-mix\/#breadcrumb\"},\"inLanguage\":\"es\",\"potentialAction\":[{\"@type\":\"ReadAction\",\"target\":[\"https:\/\/alimentosynegocios.com.ar\/es\/salad-mix\/\"]}]},{\"@type\":\"ImageObject\",\"inLanguage\":\"es\",\"@id\":\"https:\/\/alimentosynegocios.com.ar\/es\/salad-mix\/#primaryimage\",\"url\":\"https:\/\/alimentosynegocios.com.ar\/es\/wp-content\/uploads\/2024\/03\/Logo-Aramel-original.png\",\"contentUrl\":\"https:\/\/alimentosynegocios.com.ar\/es\/wp-content\/uploads\/2024\/03\/Logo-Aramel-original.png\",\"width\":1280,\"height\":660,\"caption\":\"Logo Aramel original\"},{\"@type\":\"BreadcrumbList\",\"@id\":\"https:\/\/alimentosynegocios.com.ar\/es\/salad-mix\/#breadcrumb\",\"itemListElement\":[{\"@type\":\"ListItem\",\"position\":1,\"name\":\"Portada\",\"item\":\"https:\/\/alimentosynegocios.com.ar\/es\/\"},{\"@type\":\"ListItem\",\"position\":2,\"name\":\"Salad Mix\"}]},{\"@type\":\"WebSite\",\"@id\":\"https:\/\/alimentosynegocios.com.ar\/es\/#website\",\"url\":\"https:\/\/alimentosynegocios.com.ar\/es\/\",\"name\":\"Alimentos y Negocios SRL\",\"description\":\"Premezclas para panader\u00eda y reposter\u00eda. Molienda de semillas\",\"publisher\":{\"@id\":\"https:\/\/alimentosynegocios.com.ar\/es\/#organization\"},\"potentialAction\":[{\"@type\":\"SearchAction\",\"target\":{\"@type\":\"EntryPoint\",\"urlTemplate\":\"https:\/\/alimentosynegocios.com.ar\/es\/?s={search_term_string}\"},\"query-input\":{\"@type\":\"PropertyValueSpecification\",\"valueRequired\":true,\"valueName\":\"search_term_string\"}}],\"inLanguage\":\"es\"},{\"@type\":\"Organization\",\"@id\":\"https:\/\/alimentosynegocios.com.ar\/es\/#organization\",\"name\":\"Alimentos y Negocios SRL\",\"url\":\"https:\/\/alimentosynegocios.com.ar\/es\/\",\"logo\":{\"@type\":\"ImageObject\",\"inLanguage\":\"es\",\"@id\":\"https:\/\/alimentosynegocios.com.ar\/es\/#\/schema\/logo\/image\/\",\"url\":\"https:\/\/alimentosynegocios.com.ar\/es\/wp-content\/uploads\/2024\/03\/cropped-Logo-Rombo-1.png\",\"contentUrl\":\"https:\/\/alimentosynegocios.com.ar\/es\/wp-content\/uploads\/2024\/03\/cropped-Logo-Rombo-1.png\",\"width\":442,\"height\":442,\"caption\":\"Alimentos y Negocios SRL\"},\"image\":{\"@id\":\"https:\/\/alimentosynegocios.com.ar\/es\/#\/schema\/logo\/image\/\"}}]}<\/script>\n<!-- \/ Yoast SEO plugin. -->","yoast_head_json":{"title":"Salad Mix - Alimentos y Negocios SRL","robots":{"index":"index","follow":"follow","max-snippet":"max-snippet:-1","max-image-preview":"max-image-preview:large","max-video-preview":"max-video-preview:-1"},"canonical":"https:\/\/alimentosynegocios.com.ar\/es\/salad-mix\/","og_locale":"es_ES","og_type":"article","og_title":"Salad Mix - Alimentos y Negocios SRL","og_description":"Salad mix \u00a1Lleva tus platos al siguiente nivel con nuestro mix de semillas tostadas! Presentamos la combinaci\u00f3n perfecta de lino [&hellip;]","og_url":"https:\/\/alimentosynegocios.com.ar\/es\/salad-mix\/","og_site_name":"Alimentos y Negocios SRL","article_modified_time":"2024-08-24T14:07:48+00:00","og_image":[{"width":1280,"height":660,"url":"https:\/\/alimentosynegocios.com.ar\/es\/wp-content\/uploads\/2024\/03\/Logo-Aramel-original.png","type":"image\/png"}],"twitter_card":"summary_large_image","twitter_misc":{"Tiempo de lectura":"1 minuto"},"schema":{"@context":"https:\/\/schema.org","@graph":[{"@type":"WebPage","@id":"https:\/\/alimentosynegocios.com.ar\/es\/salad-mix\/","url":"https:\/\/alimentosynegocios.com.ar\/es\/salad-mix\/","name":"Salad Mix - Alimentos y Negocios SRL","isPartOf":{"@id":"https:\/\/alimentosynegocios.com.ar\/es\/#website"},"primaryImageOfPage":{"@id":"https:\/\/alimentosynegocios.com.ar\/es\/salad-mix\/#primaryimage"},"image":{"@id":"https:\/\/alimentosynegocios.com.ar\/es\/salad-mix\/#primaryimage"},"thumbnailUrl":"https:\/\/alimentosynegocios.com.ar\/es\/wp-content\/uploads\/2024\/03\/Logo-Aramel-original-300x155.png","datePublished":"2024-08-22T14:52:47+00:00","dateModified":"2024-08-24T14:07:48+00:00","breadcrumb":{"@id":"https:\/\/alimentosynegocios.com.ar\/es\/salad-mix\/#breadcrumb"},"inLanguage":"es","potentialAction":[{"@type":"ReadAction","target":["https:\/\/alimentosynegocios.com.ar\/es\/salad-mix\/"]}]},{"@type":"ImageObject","inLanguage":"es","@id":"https:\/\/alimentosynegocios.com.ar\/es\/salad-mix\/#primaryimage","url":"https:\/\/alimentosynegocios.com.ar\/es\/wp-content\/uploads\/2024\/03\/Logo-Aramel-original.png","contentUrl":"https:\/\/alimentosynegocios.com.ar\/es\/wp-content\/uploads\/2024\/03\/Logo-Aramel-original.png","width":1280,"height":660,"caption":"Logo Aramel original"},{"@type":"BreadcrumbList","@id":"https:\/\/alimentosynegocios.com.ar\/es\/salad-mix\/#breadcrumb","itemListElement":[{"@type":"ListItem","position":1,"name":"Portada","item":"https:\/\/alimentosynegocios.com.ar\/es\/"},{"@type":"ListItem","position":2,"name":"Salad Mix"}]},{"@type":"WebSite","@id":"https:\/\/alimentosynegocios.com.ar\/es\/#website","url":"https:\/\/alimentosynegocios.com.ar\/es\/","name":"Alimentos y Negocios SRL","description":"Premezclas para panader\u00eda y reposter\u00eda. Molienda de semillas","publisher":{"@id":"https:\/\/alimentosynegocios.com.ar\/es\/#organization"},"potentialAction":[{"@type":"SearchAction","target":{"@type":"EntryPoint","urlTemplate":"https:\/\/alimentosynegocios.com.ar\/es\/?s={search_term_string}"},"query-input":{"@type":"PropertyValueSpecification","valueRequired":true,"valueName":"search_term_string"}}],"inLanguage":"es"},{"@type":"Organization","@id":"https:\/\/alimentosynegocios.com.ar\/es\/#organization","name":"Alimentos y Negocios SRL","url":"https:\/\/alimentosynegocios.com.ar\/es\/","logo":{"@type":"ImageObject","inLanguage":"es","@id":"https:\/\/alimentosynegocios.com.ar\/es\/#\/schema\/logo\/image\/","url":"https:\/\/alimentosynegocios.com.ar\/es\/wp-content\/uploads\/2024\/03\/cropped-Logo-Rombo-1.png","contentUrl":"https:\/\/alimentosynegocios.com.ar\/es\/wp-content\/uploads\/2024\/03\/cropped-Logo-Rombo-1.png","width":442,"height":442,"caption":"Alimentos y Negocios SRL"},"image":{"@id":"https:\/\/alimentosynegocios.com.ar\/es\/#\/schema\/logo\/image\/"}}]}},"_links":{"self":[{"href":"https:\/\/alimentosynegocios.com.ar\/es\/wp-json\/wp\/v2\/pages\/5559","targetHints":{"allow":["GET"]}}],"collection":[{"href":"https:\/\/alimentosynegocios.com.ar\/es\/wp-json\/wp\/v2\/pages"}],"about":[{"href":"https:\/\/alimentosynegocios.com.ar\/es\/wp-json\/wp\/v2\/types\/page"}],"author":[{"embeddable":true,"href":"https:\/\/alimentosynegocios.com.ar\/es\/wp-json\/wp\/v2\/users\/4"}],"replies":[{"embeddable":true,"href":"https:\/\/alimentosynegocios.com.ar\/es\/wp-json\/wp\/v2\/comments?post=5559"}],"version-history":[{"count":11,"href":"https:\/\/alimentosynegocios.com.ar\/es\/wp-json\/wp\/v2\/pages\/5559\/revisions"}],"predecessor-version":[{"id":5625,"href":"https:\/\/alimentosynegocios.com.ar\/es\/wp-json\/wp\/v2\/pages\/5559\/revisions\/5625"}],"wp:attachment":[{"href":"https:\/\/alimentosynegocios.com.ar\/es\/wp-json\/wp\/v2\/media?parent=5559"}],"curies":[{"name":"wp","href":"https:\/\/api.w.org\/{rel}","templated":true}]}}