{"id":5316,"date":"2024-06-16T18:00:06","date_gmt":"2024-06-16T21:00:06","guid":{"rendered":"https:\/\/alimentosynegocios.com.ar\/es\/?page_id=5316"},"modified":"2024-09-13T11:06:15","modified_gmt":"2024-09-13T14:06:15","slug":"politicas-devolucion","status":"publish","type":"page","link":"https:\/\/alimentosynegocios.com.ar\/es\/politicas-devolucion\/","title":{"rendered":"Pol\u00edticas de devoluci\u00f3n"},"content":{"rendered":"\t\t<div data-elementor-type=\"wp-page\" data-elementor-id=\"5316\" class=\"elementor elementor-5316\">\n\t\t\t\t<div class=\"elementor-element elementor-element-1504791 e-flex e-con-boxed e-con e-parent\" data-id=\"1504791\" data-element_type=\"container\" data-e-type=\"container\">\n\t\t\t\t\t<div class=\"e-con-inner\">\n\t\t\t\t<div class=\"elementor-element elementor-element-6d6c93c elementor-widget elementor-widget-heading\" data-id=\"6d6c93c\" data-element_type=\"widget\" data-e-type=\"widget\" data-widget_type=\"heading.default\">\n\t\t\t\t<div class=\"elementor-widget-container\">\n\t\t\t\t\t<h1 class=\"elementor-heading-title elementor-size-default\">Pol\u00edticas de devoluci\u00f3n<\/h1>\t\t\t\t<\/div>\n\t\t\t\t<\/div>\n\t\t\t\t\t<\/div>\n\t\t\t\t<\/div>\n\t\t<div class=\"elementor-element elementor-element-59efed70 e-flex e-con-boxed e-con e-parent\" data-id=\"59efed70\" data-element_type=\"container\" data-e-type=\"container\">\n\t\t\t\t\t<div class=\"e-con-inner\">\n\t\t\t\t<div class=\"elementor-element elementor-element-662bfa0e elementor-widget elementor-widget-heading\" data-id=\"662bfa0e\" data-element_type=\"widget\" data-e-type=\"widget\" data-widget_type=\"heading.default\">\n\t\t\t\t<div class=\"elementor-widget-container\">\n\t\t\t\t\t<h1 class=\"elementor-heading-title elementor-size-default\"><p><b>Por errores en el env\u00edo<\/b><span style=\"color: var(--ast-global-color-2);font-style: inherit;background-color: var(--ast-global-color-5)\"><\/span><\/p><\/h1>\t\t\t\t<\/div>\n\t\t\t\t<\/div>\n\t\t\t\t<div class=\"elementor-element elementor-element-133b4d2c elementor-widget elementor-widget-text-editor\" data-id=\"133b4d2c\" data-element_type=\"widget\" data-e-type=\"widget\" data-widget_type=\"text-editor.default\">\n\t\t\t\t<div class=\"elementor-widget-container\">\n\t\t\t\t\t\t\t\t\t<p class=\"MsoNormal\"><span lang=\"ES\">Si hubo un error en el envio, te pedimos que mandes un mensaje a ventasonline@alimentosynegocios.com.ar, o ingres\u00e1 haciendo click al bot\u00f3n de Whatsapp ubicado en la esquina inferior derecha.<\/span><\/p><p>Te pedimos que en el cuerpo del mensaje dejes asentado el n\u00famero de pedido, y un detalle de cu\u00e1l fue el error en el envio para que podamos subsanarlo.<\/p>\t\t\t\t\t\t\t\t<\/div>\n\t\t\t\t<\/div>\n\t\t\t\t\t<\/div>\n\t\t\t\t<\/div>\n\t\t<div class=\"elementor-element elementor-element-170dac8d e-flex e-con-boxed e-con e-parent\" data-id=\"170dac8d\" data-element_type=\"container\" data-e-type=\"container\">\n\t\t\t\t\t<div class=\"e-con-inner\">\n\t\t\t\t<div class=\"elementor-element elementor-element-212e0a40 elementor-widget elementor-widget-heading\" data-id=\"212e0a40\" data-element_type=\"widget\" data-e-type=\"widget\" data-widget_type=\"heading.default\">\n\t\t\t\t<div class=\"elementor-widget-container\">\n\t\t\t\t\t<h1 class=\"elementor-heading-title elementor-size-default\"><p><b>Bot\u00f3n de arrepentimiento<\/b><span style=\"color: var(--ast-global-color-2);font-style: inherit;background-color: var(--ast-global-color-5)\"><\/span><\/p><\/h1>\t\t\t\t<\/div>\n\t\t\t\t<\/div>\n\t\t\t\t<div class=\"elementor-element elementor-element-7607e075 elementor-widget elementor-widget-text-editor\" data-id=\"7607e075\" data-element_type=\"widget\" data-e-type=\"widget\" data-widget_type=\"text-editor.default\">\n\t\t\t\t<div class=\"elementor-widget-container\">\n\t\t\t\t\t\t\t\t\t<p class=\"MsoNormal\">Si te arrepentiste de una compra, pod\u00e9s pedir la cancelaci\u00f3n enviando tu n\u00famero de orden y explicando en el cuerpo del mensaje el motivo del arrepentimiento y una cuenta bancaria para reembolsar el dinero. Ten\u00e9s como m\u00e1ximo hasta 10 d\u00edas corridos desde que recibiste el producto para enviar el mail. Podes enviarlo a ventasonline@alimentosynegocios.com.ar, <span lang=\"ES\">o ingres\u00e1 haciendo click al bot\u00f3n de Whatsapp ubicado en la esquina inferior derecha.<\/span><\/p>\n<p>Una vez que recibimos los productos, nos aseguramos de que no est\u00e9n abiertos. Si todo est\u00e1 en orden, reembolsaremos el dinero a la cuenta especificada en el mail.<\/p>\n<p>El costo del env\u00edo del producto corre por cuenta del comprador.<\/p>\t\t\t\t\t\t\t\t<\/div>\n\t\t\t\t<\/div>\n\t\t\t\t\t<\/div>\n\t\t\t\t<\/div>\n\t\t\t\t<\/div>\n\t\t","protected":false},"excerpt":{"rendered":"<p>Pol\u00edticas de devoluci\u00f3n Por errores en el env\u00edo Si hubo un error en el envio, te pedimos que mandes un [&hellip;]<\/p>\n","protected":false},"author":4,"featured_media":0,"parent":0,"menu_order":0,"comment_status":"closed","ping_status":"closed","template":"","meta":{"site-sidebar-layout":"no-sidebar","site-content-layout":"","ast-site-content-layout":"full-width-container","site-content-style":"default","site-sidebar-style":"default","ast-global-header-display":"","ast-banner-title-visibility":"","ast-main-header-display":"","ast-hfb-above-header-display":"","ast-hfb-below-header-display":"","ast-hfb-mobile-header-display":"","site-post-title":"disabled","ast-breadcrumbs-content":"","ast-featured-img":"disabled","footer-sml-layout":"","ast-disable-related-posts":"","theme-transparent-header-meta":"","adv-header-id-meta":"","stick-header-meta":"","header-above-stick-meta":"","header-main-stick-meta":"","header-below-stick-meta":"","astra-migrate-meta-layouts":"default","ast-page-background-enabled":"default","ast-page-background-meta":{"desktop":{"background-color":"var(--ast-global-color-4)","background-image":"","background-repeat":"repeat","background-position":"center center","background-size":"auto","background-attachment":"scroll","background-type":"","background-media":"","overlay-type":"","overlay-color":"","overlay-opacity":"","overlay-gradient":""},"tablet":{"background-color":"","background-image":"","background-repeat":"repeat","background-position":"center center","background-size":"auto","background-attachment":"scroll","background-type":"","background-media":"","overlay-type":"","overlay-color":"","overlay-opacity":"","overlay-gradient":""},"mobile":{"background-color":"","background-image":"","background-repeat":"repeat","background-position":"center center","background-size":"auto","background-attachment":"scroll","background-type":"","background-media":"","overlay-type":"","overlay-color":"","overlay-opacity":"","overlay-gradient":""}},"ast-content-background-meta":{"desktop":{"background-color":"var(--ast-global-color-5)","background-image":"","background-repeat":"repeat","background-position":"center center","background-size":"auto","background-attachment":"scroll","background-type":"","background-media":"","overlay-type":"","overlay-color":"","overlay-opacity":"","overlay-gradient":""},"tablet":{"background-color":"var(--ast-global-color-5)","background-image":"","background-repeat":"repeat","background-position":"center center","background-size":"auto","background-attachment":"scroll","background-type":"","background-media":"","overlay-type":"","overlay-color":"","overlay-opacity":"","overlay-gradient":""},"mobile":{"background-color":"var(--ast-global-color-5)","background-image":"","background-repeat":"repeat","background-position":"center center","background-size":"auto","background-attachment":"scroll","background-type":"","background-media":"","overlay-type":"","overlay-color":"","overlay-opacity":"","overlay-gradient":""}},"_joinchat":[],"footnotes":""},"class_list":["post-5316","page","type-page","status-publish","hentry"],"yoast_head":"<!-- This site is optimized with the Yoast SEO plugin v25.5 - https:\/\/yoast.com\/wordpress\/plugins\/seo\/ -->\n<title>Pol\u00edticas de devoluci\u00f3n - Alimentos y Negocios SRL<\/title>\n<meta name=\"robots\" content=\"index, follow, max-snippet:-1, max-image-preview:large, max-video-preview:-1\" \/>\n<link rel=\"canonical\" href=\"https:\/\/alimentosynegocios.com.ar\/es\/politicas-devolucion\/\" \/>\n<meta property=\"og:locale\" content=\"es_ES\" \/>\n<meta property=\"og:type\" content=\"article\" \/>\n<meta property=\"og:title\" content=\"Pol\u00edticas de devoluci\u00f3n - Alimentos y Negocios SRL\" \/>\n<meta property=\"og:description\" content=\"Pol\u00edticas de devoluci\u00f3n Por errores en el env\u00edo Si hubo un error en el envio, te pedimos que mandes un [&hellip;]\" \/>\n<meta property=\"og:url\" content=\"https:\/\/alimentosynegocios.com.ar\/es\/politicas-devolucion\/\" \/>\n<meta property=\"og:site_name\" content=\"Alimentos y Negocios SRL\" \/>\n<meta property=\"article:modified_time\" content=\"2024-09-13T14:06:15+00:00\" \/>\n<meta name=\"twitter:card\" content=\"summary_large_image\" \/>\n<meta name=\"twitter:label1\" content=\"Tiempo de lectura\" \/>\n\t<meta name=\"twitter:data1\" content=\"1 minuto\" \/>\n<script type=\"application\/ld+json\" class=\"yoast-schema-graph\">{\"@context\":\"https:\/\/schema.org\",\"@graph\":[{\"@type\":\"WebPage\",\"@id\":\"https:\/\/alimentosynegocios.com.ar\/es\/politicas-devolucion\/\",\"url\":\"https:\/\/alimentosynegocios.com.ar\/es\/politicas-devolucion\/\",\"name\":\"Pol\u00edticas de devoluci\u00f3n - Alimentos y Negocios SRL\",\"isPartOf\":{\"@id\":\"https:\/\/alimentosynegocios.com.ar\/es\/#website\"},\"datePublished\":\"2024-06-16T21:00:06+00:00\",\"dateModified\":\"2024-09-13T14:06:15+00:00\",\"breadcrumb\":{\"@id\":\"https:\/\/alimentosynegocios.com.ar\/es\/politicas-devolucion\/#breadcrumb\"},\"inLanguage\":\"es\",\"potentialAction\":[{\"@type\":\"ReadAction\",\"target\":[\"https:\/\/alimentosynegocios.com.ar\/es\/politicas-devolucion\/\"]}]},{\"@type\":\"BreadcrumbList\",\"@id\":\"https:\/\/alimentosynegocios.com.ar\/es\/politicas-devolucion\/#breadcrumb\",\"itemListElement\":[{\"@type\":\"ListItem\",\"position\":1,\"name\":\"Portada\",\"item\":\"https:\/\/alimentosynegocios.com.ar\/es\/\"},{\"@type\":\"ListItem\",\"position\":2,\"name\":\"Pol\u00edticas de devoluci\u00f3n\"}]},{\"@type\":\"WebSite\",\"@id\":\"https:\/\/alimentosynegocios.com.ar\/es\/#website\",\"url\":\"https:\/\/alimentosynegocios.com.ar\/es\/\",\"name\":\"Alimentos y Negocios SRL\",\"description\":\"Premezclas para panader\u00eda y reposter\u00eda. Molienda de semillas\",\"publisher\":{\"@id\":\"https:\/\/alimentosynegocios.com.ar\/es\/#organization\"},\"potentialAction\":[{\"@type\":\"SearchAction\",\"target\":{\"@type\":\"EntryPoint\",\"urlTemplate\":\"https:\/\/alimentosynegocios.com.ar\/es\/?s={search_term_string}\"},\"query-input\":{\"@type\":\"PropertyValueSpecification\",\"valueRequired\":true,\"valueName\":\"search_term_string\"}}],\"inLanguage\":\"es\"},{\"@type\":\"Organization\",\"@id\":\"https:\/\/alimentosynegocios.com.ar\/es\/#organization\",\"name\":\"Alimentos y Negocios SRL\",\"url\":\"https:\/\/alimentosynegocios.com.ar\/es\/\",\"logo\":{\"@type\":\"ImageObject\",\"inLanguage\":\"es\",\"@id\":\"https:\/\/alimentosynegocios.com.ar\/es\/#\/schema\/logo\/image\/\",\"url\":\"https:\/\/alimentosynegocios.com.ar\/es\/wp-content\/uploads\/2024\/03\/cropped-Logo-Rombo-1.png\",\"contentUrl\":\"https:\/\/alimentosynegocios.com.ar\/es\/wp-content\/uploads\/2024\/03\/cropped-Logo-Rombo-1.png\",\"width\":442,\"height\":442,\"caption\":\"Alimentos y Negocios SRL\"},\"image\":{\"@id\":\"https:\/\/alimentosynegocios.com.ar\/es\/#\/schema\/logo\/image\/\"}}]}<\/script>\n<!-- \/ Yoast SEO plugin. -->","yoast_head_json":{"title":"Pol\u00edticas de devoluci\u00f3n - Alimentos y Negocios SRL","robots":{"index":"index","follow":"follow","max-snippet":"max-snippet:-1","max-image-preview":"max-image-preview:large","max-video-preview":"max-video-preview:-1"},"canonical":"https:\/\/alimentosynegocios.com.ar\/es\/politicas-devolucion\/","og_locale":"es_ES","og_type":"article","og_title":"Pol\u00edticas de devoluci\u00f3n - Alimentos y Negocios SRL","og_description":"Pol\u00edticas de devoluci\u00f3n Por errores en el env\u00edo Si hubo un error en el envio, te pedimos que mandes un [&hellip;]","og_url":"https:\/\/alimentosynegocios.com.ar\/es\/politicas-devolucion\/","og_site_name":"Alimentos y Negocios SRL","article_modified_time":"2024-09-13T14:06:15+00:00","twitter_card":"summary_large_image","twitter_misc":{"Tiempo de lectura":"1 minuto"},"schema":{"@context":"https:\/\/schema.org","@graph":[{"@type":"WebPage","@id":"https:\/\/alimentosynegocios.com.ar\/es\/politicas-devolucion\/","url":"https:\/\/alimentosynegocios.com.ar\/es\/politicas-devolucion\/","name":"Pol\u00edticas de devoluci\u00f3n - Alimentos y Negocios SRL","isPartOf":{"@id":"https:\/\/alimentosynegocios.com.ar\/es\/#website"},"datePublished":"2024-06-16T21:00:06+00:00","dateModified":"2024-09-13T14:06:15+00:00","breadcrumb":{"@id":"https:\/\/alimentosynegocios.com.ar\/es\/politicas-devolucion\/#breadcrumb"},"inLanguage":"es","potentialAction":[{"@type":"ReadAction","target":["https:\/\/alimentosynegocios.com.ar\/es\/politicas-devolucion\/"]}]},{"@type":"BreadcrumbList","@id":"https:\/\/alimentosynegocios.com.ar\/es\/politicas-devolucion\/#breadcrumb","itemListElement":[{"@type":"ListItem","position":1,"name":"Portada","item":"https:\/\/alimentosynegocios.com.ar\/es\/"},{"@type":"ListItem","position":2,"name":"Pol\u00edticas de devoluci\u00f3n"}]},{"@type":"WebSite","@id":"https:\/\/alimentosynegocios.com.ar\/es\/#website","url":"https:\/\/alimentosynegocios.com.ar\/es\/","name":"Alimentos y Negocios SRL","description":"Premezclas para panader\u00eda y reposter\u00eda. Molienda de semillas","publisher":{"@id":"https:\/\/alimentosynegocios.com.ar\/es\/#organization"},"potentialAction":[{"@type":"SearchAction","target":{"@type":"EntryPoint","urlTemplate":"https:\/\/alimentosynegocios.com.ar\/es\/?s={search_term_string}"},"query-input":{"@type":"PropertyValueSpecification","valueRequired":true,"valueName":"search_term_string"}}],"inLanguage":"es"},{"@type":"Organization","@id":"https:\/\/alimentosynegocios.com.ar\/es\/#organization","name":"Alimentos y Negocios SRL","url":"https:\/\/alimentosynegocios.com.ar\/es\/","logo":{"@type":"ImageObject","inLanguage":"es","@id":"https:\/\/alimentosynegocios.com.ar\/es\/#\/schema\/logo\/image\/","url":"https:\/\/alimentosynegocios.com.ar\/es\/wp-content\/uploads\/2024\/03\/cropped-Logo-Rombo-1.png","contentUrl":"https:\/\/alimentosynegocios.com.ar\/es\/wp-content\/uploads\/2024\/03\/cropped-Logo-Rombo-1.png","width":442,"height":442,"caption":"Alimentos y Negocios SRL"},"image":{"@id":"https:\/\/alimentosynegocios.com.ar\/es\/#\/schema\/logo\/image\/"}}]}},"_links":{"self":[{"href":"https:\/\/alimentosynegocios.com.ar\/es\/wp-json\/wp\/v2\/pages\/5316","targetHints":{"allow":["GET"]}}],"collection":[{"href":"https:\/\/alimentosynegocios.com.ar\/es\/wp-json\/wp\/v2\/pages"}],"about":[{"href":"https:\/\/alimentosynegocios.com.ar\/es\/wp-json\/wp\/v2\/types\/page"}],"author":[{"embeddable":true,"href":"https:\/\/alimentosynegocios.com.ar\/es\/wp-json\/wp\/v2\/users\/4"}],"replies":[{"embeddable":true,"href":"https:\/\/alimentosynegocios.com.ar\/es\/wp-json\/wp\/v2\/comments?post=5316"}],"version-history":[{"count":28,"href":"https:\/\/alimentosynegocios.com.ar\/es\/wp-json\/wp\/v2\/pages\/5316\/revisions"}],"predecessor-version":[{"id":5654,"href":"https:\/\/alimentosynegocios.com.ar\/es\/wp-json\/wp\/v2\/pages\/5316\/revisions\/5654"}],"wp:attachment":[{"href":"https:\/\/alimentosynegocios.com.ar\/es\/wp-json\/wp\/v2\/media?parent=5316"}],"curies":[{"name":"wp","href":"https:\/\/api.w.org\/{rel}","templated":true}]}}